{"id":34,"date":"2022-08-09T15:21:18","date_gmt":"2022-08-09T13:21:18","guid":{"rendered":"https:\/\/web.tms-bonn.de\/wordpress\/?page_id=34"},"modified":"2023-08-17T10:28:09","modified_gmt":"2023-08-17T08:28:09","slug":"startseite","status":"publish","type":"page","link":"https:\/\/www.tms-bonn.de\/en\/","title":{"rendered":"Willkommen bei der tms!"},"content":{"rendered":"<div data-elementor-type=\"wp-page\" data-elementor-id=\"34\" class=\"elementor elementor-34\">\n\t\t\t\t\t\t<section class=\"elementor-section elementor-top-section elementor-element elementor-element-f894acb elementor-section-boxed elementor-section-height-default elementor-section-height-default\" data-id=\"f894acb\" data-element_type=\"section\" data-e-type=\"section\">\n\t\t\t\t\t\t<div class=\"elementor-container elementor-column-gap-default\">\n\t\t\t\t\t<div class=\"elementor-column elementor-col-100 elementor-top-column elementor-element elementor-element-fcc6415\" data-id=\"fcc6415\" data-element_type=\"column\" data-e-type=\"column\">\n\t\t\t<div class=\"elementor-widget-wrap elementor-element-populated\">\n\t\t\t\t\t\t<div class=\"elementor-element elementor-element-039ba7c elementor-hidden-mobile elementor-widget elementor-widget-spacer\" data-id=\"039ba7c\" data-element_type=\"widget\" data-e-type=\"widget\" data-widget_type=\"spacer.default\">\n\t\t\t\t<div class=\"elementor-widget-container\">\n\t\t\t\t\t\t\t<div class=\"elementor-spacer\">\n\t\t\t<div class=\"elementor-spacer-inner\"><\/div>\n\t\t<\/div>\n\t\t\t\t\t\t<\/div>\n\t\t\t\t<\/div>\n\t\t\t\t<div class=\"elementor-element elementor-element-c4a67af animated-slow elementor-invisible elementor-widget elementor-widget-heading\" data-id=\"c4a67af\" data-element_type=\"widget\" data-e-type=\"widget\" data-settings=\"{&quot;_animation&quot;:&quot;fadeIn&quot;}\" data-widget_type=\"heading.default\">\n\t\t\t\t<div class=\"elementor-widget-container\">\n\t\t\t\t\t<h2 class=\"elementor-heading-title elementor-size-medium\">Welcome to tms<\/h2>\t\t\t\t<\/div>\n\t\t\t\t<\/div>\n\t\t\t\t<div class=\"elementor-element elementor-element-074a937 elementor-hidden-mobile elementor-widget elementor-widget-spacer\" data-id=\"074a937\" data-element_type=\"widget\" data-e-type=\"widget\" data-widget_type=\"spacer.default\">\n\t\t\t\t<div class=\"elementor-widget-container\">\n\t\t\t\t\t\t\t<div class=\"elementor-spacer\">\n\t\t\t<div class=\"elementor-spacer-inner\"><\/div>\n\t\t<\/div>\n\t\t\t\t\t\t<\/div>\n\t\t\t\t<\/div>\n\t\t\t\t\t<\/div>\n\t\t<\/div>\n\t\t\t\t\t<\/div>\n\t\t<\/section>\n\t\t\t\t<section class=\"elementor-section elementor-top-section elementor-element elementor-element-7f68d2d5 elementor-section-boxed elementor-section-height-default elementor-section-height-default\" data-id=\"7f68d2d5\" data-element_type=\"section\" data-e-type=\"section\">\n\t\t\t\t\t\t\t<div class=\"elementor-background-overlay\"><\/div>\n\t\t\t\t\t\t\t<div class=\"elementor-container elementor-column-gap-default\">\n\t\t\t\t\t<div class=\"elementor-column elementor-col-100 elementor-top-column elementor-element elementor-element-591dd9f0\" data-id=\"591dd9f0\" data-element_type=\"column\" data-e-type=\"column\">\n\t\t\t<div class=\"elementor-widget-wrap elementor-element-populated\">\n\t\t\t\t\t\t<section class=\"elementor-section elementor-inner-section elementor-element elementor-element-dd31771 elementor-section-boxed elementor-section-height-default elementor-section-height-default\" data-id=\"dd31771\" data-element_type=\"section\" data-e-type=\"section\" data-settings=\"{&quot;background_background&quot;:&quot;classic&quot;}\">\n\t\t\t\t\t\t\t<div class=\"elementor-background-overlay\"><\/div>\n\t\t\t\t\t\t\t<div class=\"elementor-container elementor-column-gap-default\">\n\t\t\t\t\t<div class=\"elementor-column elementor-col-100 elementor-inner-column elementor-element elementor-element-44afd199\" data-id=\"44afd199\" data-element_type=\"column\" data-e-type=\"column\">\n\t\t\t<div class=\"elementor-widget-wrap elementor-element-populated\">\n\t\t\t\t\t\t<div class=\"elementor-element elementor-element-6c3b0b56 elementor-widget elementor-widget-text-editor\" data-id=\"6c3b0b56\" data-element_type=\"widget\" data-e-type=\"widget\" data-widget_type=\"text-editor.default\">\n\t\t\t\t<div class=\"elementor-widget-container\">\n\t\t\t\t\t\t\t\t\t<p class=\" translation-block\">The <strong>t<\/strong>echnisch-<strong>m<\/strong>athematische\u00a0<strong>s<\/strong>tudiengesellschaft is an independent employee shareholding company based in Bonn. tms was founded in 1970. Since then, we have been supporting our customers with solutions that are adapted to the task at hand and are cost-effective. In doing so, we draw on experience gained from successfully completed projects in the fields of security and defense.<\/p><p>Our permanent staff includes all technical disciplines. For our studies and developments we make use of an integrated development workshop with attached construction.<\/p>\t\t\t\t\t\t\t\t<\/div>\n\t\t\t\t<\/div>\n\t\t\t\t\t<\/div>\n\t\t<\/div>\n\t\t\t\t\t<\/div>\n\t\t<\/section>\n\t\t\t\t\t<\/div>\n\t\t<\/div>\n\t\t\t\t\t<\/div>\n\t\t<\/section>\n\t\t\t\t<section class=\"elementor-section elementor-top-section elementor-element elementor-element-8470630 elementor-section-boxed elementor-section-height-default elementor-section-height-default\" data-id=\"8470630\" data-element_type=\"section\" data-e-type=\"section\">\n\t\t\t\t\t\t<div class=\"elementor-container elementor-column-gap-default\">\n\t\t\t\t\t<div class=\"elementor-column elementor-col-100 elementor-top-column elementor-element elementor-element-7b9282e\" data-id=\"7b9282e\" data-element_type=\"column\" data-e-type=\"column\">\n\t\t\t<div class=\"elementor-widget-wrap elementor-element-populated\">\n\t\t\t\t\t\t<div class=\"elementor-element elementor-element-155ae04 elementor-widget elementor-widget-spacer\" data-id=\"155ae04\" data-element_type=\"widget\" data-e-type=\"widget\" data-widget_type=\"spacer.default\">\n\t\t\t\t<div class=\"elementor-widget-container\">\n\t\t\t\t\t\t\t<div class=\"elementor-spacer\">\n\t\t\t<div class=\"elementor-spacer-inner\"><\/div>\n\t\t<\/div>\n\t\t\t\t\t\t<\/div>\n\t\t\t\t<\/div>\n\t\t\t\t\t<\/div>\n\t\t<\/div>\n\t\t\t\t\t<\/div>\n\t\t<\/section>\n\t\t\t\t<section class=\"elementor-section elementor-top-section elementor-element elementor-element-71fce52 elementor-section-boxed elementor-section-height-default elementor-section-height-default\" data-id=\"71fce52\" data-element_type=\"section\" data-e-type=\"section\">\n\t\t\t\t\t\t<div class=\"elementor-container elementor-column-gap-default\">\n\t\t\t\t\t<div class=\"elementor-column elementor-col-25 elementor-top-column elementor-element elementor-element-2b88b61\" data-id=\"2b88b61\" data-element_type=\"column\" data-e-type=\"column\">\n\t\t\t<div class=\"elementor-widget-wrap elementor-element-populated\">\n\t\t\t\t\t\t<div class=\"elementor-element elementor-element-8f88293 elementor-widget elementor-widget-image\" data-id=\"8f88293\" data-element_type=\"widget\" data-e-type=\"widget\" data-widget_type=\"image.default\">\n\t\t\t\t<div class=\"elementor-widget-container\">\n\t\t\t\t\t\t\t\t\t\t\t\t\t\t\t\t<a href=\"https:\/\/www.tms-bonn.de\/en\/studien\/\">\n\t\t\t\t\t\t\t<img decoding=\"async\" src=\"https:\/\/www.tms-bonn.de\/wp-content\/uploads\/elementor\/thumbs\/studien_v5-e1661153655692-q3k6clfbaae5uig3jdxl1oz8tkb0lekfn94aqs6vo0.png\" title=\"STUDIEN\" alt=\"Piktogramm Studien\" class=\"elementor-animation-shrink\" loading=\"lazy\" \/>\t\t\t\t\t\t\t\t<\/a>\n\t\t\t\t\t\t\t\t\t\t\t\t\t\t\t<\/div>\n\t\t\t\t<\/div>\n\t\t\t\t<div class=\"elementor-element elementor-element-d62dd78 elementor-widget elementor-widget-heading\" data-id=\"d62dd78\" data-element_type=\"widget\" data-e-type=\"widget\" data-widget_type=\"heading.default\">\n\t\t\t\t<div class=\"elementor-widget-container\">\n\t\t\t\t\t<h3 class=\"elementor-heading-title elementor-size-default\">Studies<\/h3>\t\t\t\t<\/div>\n\t\t\t\t<\/div>\n\t\t\t\t<div class=\"elementor-element elementor-element-8cbf983 elementor-widget elementor-widget-spacer\" data-id=\"8cbf983\" data-element_type=\"widget\" data-e-type=\"widget\" data-widget_type=\"spacer.default\">\n\t\t\t\t<div class=\"elementor-widget-container\">\n\t\t\t\t\t\t\t<div class=\"elementor-spacer\">\n\t\t\t<div class=\"elementor-spacer-inner\"><\/div>\n\t\t<\/div>\n\t\t\t\t\t\t<\/div>\n\t\t\t\t<\/div>\n\t\t\t\t\t<\/div>\n\t\t<\/div>\n\t\t\t\t<div class=\"elementor-column elementor-col-25 elementor-top-column elementor-element elementor-element-41576fe\" data-id=\"41576fe\" data-element_type=\"column\" data-e-type=\"column\">\n\t\t\t<div class=\"elementor-widget-wrap elementor-element-populated\">\n\t\t\t\t\t\t<div class=\"elementor-element elementor-element-0e87203 elementor-widget elementor-widget-image\" data-id=\"0e87203\" data-element_type=\"widget\" data-e-type=\"widget\" data-widget_type=\"image.default\">\n\t\t\t\t<div class=\"elementor-widget-container\">\n\t\t\t\t\t\t\t\t\t\t\t\t\t\t\t\t<a href=\"https:\/\/www.tms-bonn.de\/en\/entwicklung\/\">\n\t\t\t\t\t\t\t<img decoding=\"async\" src=\"https:\/\/www.tms-bonn.de\/wp-content\/uploads\/elementor\/thumbs\/entwicklung_v5-e1661153660541-q3k6clfbaae5uig3jdxl1oz8tkb0lekfn94aqs6vo0.png\" title=\"ENTWICKLUNG\" alt=\"Piktogramm Entwicklung\" class=\"elementor-animation-shrink\" loading=\"lazy\" \/>\t\t\t\t\t\t\t\t<\/a>\n\t\t\t\t\t\t\t\t\t\t\t\t\t\t\t<\/div>\n\t\t\t\t<\/div>\n\t\t\t\t<div class=\"elementor-element elementor-element-71fc1f7 elementor-widget elementor-widget-heading\" data-id=\"71fc1f7\" data-element_type=\"widget\" data-e-type=\"widget\" data-widget_type=\"heading.default\">\n\t\t\t\t<div class=\"elementor-widget-container\">\n\t\t\t\t\t<h3 class=\"elementor-heading-title elementor-size-default\">Development<\/h3>\t\t\t\t<\/div>\n\t\t\t\t<\/div>\n\t\t\t\t<div class=\"elementor-element elementor-element-a6fb2e8 elementor-widget elementor-widget-spacer\" data-id=\"a6fb2e8\" data-element_type=\"widget\" data-e-type=\"widget\" data-widget_type=\"spacer.default\">\n\t\t\t\t<div class=\"elementor-widget-container\">\n\t\t\t\t\t\t\t<div class=\"elementor-spacer\">\n\t\t\t<div class=\"elementor-spacer-inner\"><\/div>\n\t\t<\/div>\n\t\t\t\t\t\t<\/div>\n\t\t\t\t<\/div>\n\t\t\t\t\t<\/div>\n\t\t<\/div>\n\t\t\t\t<div class=\"elementor-column elementor-col-25 elementor-top-column elementor-element elementor-element-1cead2c\" data-id=\"1cead2c\" data-element_type=\"column\" data-e-type=\"column\">\n\t\t\t<div class=\"elementor-widget-wrap elementor-element-populated\">\n\t\t\t\t\t\t<div class=\"elementor-element elementor-element-922eb22 elementor-widget elementor-widget-image\" data-id=\"922eb22\" data-element_type=\"widget\" data-e-type=\"widget\" data-widget_type=\"image.default\">\n\t\t\t\t<div class=\"elementor-widget-container\">\n\t\t\t\t\t\t\t\t\t\t\t\t\t\t\t\t<a href=\"https:\/\/www.tms-bonn.de\/en\/safety\/\">\n\t\t\t\t\t\t\t<img decoding=\"async\" src=\"https:\/\/www.tms-bonn.de\/wp-content\/uploads\/elementor\/thumbs\/safety_v5-e1661153647600-q3k6clfbaae5uig3jdxl1oz8tkb0lekfn94aqs6vo0.png\" title=\"SAFETY\" alt=\"Piktogramm Safety\" class=\"elementor-animation-shrink\" loading=\"lazy\" \/>\t\t\t\t\t\t\t\t<\/a>\n\t\t\t\t\t\t\t\t\t\t\t\t\t\t\t<\/div>\n\t\t\t\t<\/div>\n\t\t\t\t<div class=\"elementor-element elementor-element-223f203 elementor-widget elementor-widget-heading\" data-id=\"223f203\" data-element_type=\"widget\" data-e-type=\"widget\" data-widget_type=\"heading.default\">\n\t\t\t\t<div class=\"elementor-widget-container\">\n\t\t\t\t\t<h3 class=\"elementor-heading-title elementor-size-default\">Safety<\/h3>\t\t\t\t<\/div>\n\t\t\t\t<\/div>\n\t\t\t\t<div class=\"elementor-element elementor-element-284e3fc elementor-widget elementor-widget-spacer\" data-id=\"284e3fc\" data-element_type=\"widget\" data-e-type=\"widget\" data-widget_type=\"spacer.default\">\n\t\t\t\t<div class=\"elementor-widget-container\">\n\t\t\t\t\t\t\t<div class=\"elementor-spacer\">\n\t\t\t<div class=\"elementor-spacer-inner\"><\/div>\n\t\t<\/div>\n\t\t\t\t\t\t<\/div>\n\t\t\t\t<\/div>\n\t\t\t\t\t<\/div>\n\t\t<\/div>\n\t\t\t\t<div class=\"elementor-column elementor-col-25 elementor-top-column elementor-element elementor-element-80f6f83\" data-id=\"80f6f83\" data-element_type=\"column\" data-e-type=\"column\">\n\t\t\t<div class=\"elementor-widget-wrap elementor-element-populated\">\n\t\t\t\t\t\t<div class=\"elementor-element elementor-element-37e985a elementor-widget elementor-widget-image\" data-id=\"37e985a\" data-element_type=\"widget\" data-e-type=\"widget\" data-widget_type=\"image.default\">\n\t\t\t\t<div class=\"elementor-widget-container\">\n\t\t\t\t\t\t\t\t\t\t\t\t\t\t\t\t<a href=\"https:\/\/www.tms-bonn.de\/en\/cbrn\/\">\n\t\t\t\t\t\t\t<img decoding=\"async\" src=\"https:\/\/www.tms-bonn.de\/wp-content\/uploads\/elementor\/thumbs\/cbrn_v5-e1661153631263-q3k6clfbaae5uig3jdxl1oz8tkb0lekfn94aqs6vo0.png\" title=\"CBRN\" alt=\"Piktogramm CBRN\" class=\"elementor-animation-shrink\" loading=\"lazy\" \/>\t\t\t\t\t\t\t\t<\/a>\n\t\t\t\t\t\t\t\t\t\t\t\t\t\t\t<\/div>\n\t\t\t\t<\/div>\n\t\t\t\t<div class=\"elementor-element elementor-element-46abd86 elementor-widget elementor-widget-heading\" data-id=\"46abd86\" data-element_type=\"widget\" data-e-type=\"widget\" data-widget_type=\"heading.default\">\n\t\t\t\t<div class=\"elementor-widget-container\">\n\t\t\t\t\t<h3 class=\"elementor-heading-title elementor-size-default\">CBRN<\/h3>\t\t\t\t<\/div>\n\t\t\t\t<\/div>\n\t\t\t\t<div class=\"elementor-element elementor-element-d5b6c16 elementor-widget elementor-widget-spacer\" data-id=\"d5b6c16\" data-element_type=\"widget\" data-e-type=\"widget\" data-widget_type=\"spacer.default\">\n\t\t\t\t<div class=\"elementor-widget-container\">\n\t\t\t\t\t\t\t<div class=\"elementor-spacer\">\n\t\t\t<div class=\"elementor-spacer-inner\"><\/div>\n\t\t<\/div>\n\t\t\t\t\t\t<\/div>\n\t\t\t\t<\/div>\n\t\t\t\t\t<\/div>\n\t\t<\/div>\n\t\t\t\t\t<\/div>\n\t\t<\/section>\n\t\t\t\t<section class=\"elementor-section elementor-top-section elementor-element elementor-element-75d25e13 elementor-section-height-min-height elementor-section-items-stretch elementor-section-stretched elementor-section-content-middle elementor-section-boxed elementor-section-height-default\" data-id=\"75d25e13\" data-element_type=\"section\" data-e-type=\"section\" data-settings=\"{&quot;background_background&quot;:&quot;classic&quot;,&quot;stretch_section&quot;:&quot;section-stretched&quot;}\">\n\t\t\t\t\t\t<div class=\"elementor-container elementor-column-gap-default\">\n\t\t\t\t\t<div class=\"elementor-column elementor-col-100 elementor-top-column elementor-element elementor-element-53e852ec\" data-id=\"53e852ec\" data-element_type=\"column\" data-e-type=\"column\">\n\t\t\t<div class=\"elementor-widget-wrap elementor-element-populated\">\n\t\t\t\t\t\t<div class=\"elementor-element elementor-element-a86cd7e elementor-align-center elementor-invisible elementor-widget elementor-widget-button\" data-id=\"a86cd7e\" data-element_type=\"widget\" data-e-type=\"widget\" data-settings=\"{&quot;_animation&quot;:&quot;fadeInDown&quot;}\" data-widget_type=\"button.default\">\n\t\t\t\t<div class=\"elementor-widget-container\">\n\t\t\t\t\t\t\t\t\t<div class=\"elementor-button-wrapper\">\n\t\t\t\t\t<a class=\"elementor-button elementor-button-link elementor-size-md elementor-animation-shrink\" href=\"https:\/\/www.tms-bonn.de\/en\/job\/\">\n\t\t\t\t\t\t<span class=\"elementor-button-content-wrapper\">\n\t\t\t\t\t\t\t\t\t<span class=\"elementor-button-text\">We are looking for you!<\/span>\n\t\t\t\t\t<\/span>\n\t\t\t\t\t<\/a>\n\t\t\t\t<\/div>\n\t\t\t\t\t\t\t\t<\/div>\n\t\t\t\t<\/div>\n\t\t\t\t\t<\/div>\n\t\t<\/div>\n\t\t\t\t\t<\/div>\n\t\t<\/section>\n\t\t\t\t<\/div>","protected":false},"excerpt":{"rendered":"<p>Willkommen bei der tms Die\u00a0technisch-mathematische\u00a0studiengesellschaft ist eine unabh\u00e4ngige Mitarbeiterbeteiligungs-Gesellschaft mit Sitz in Bonn. tms wurde 1970 gegr\u00fcndet. Unsere Kunden unterst\u00fctzen wir seitdem mit an die Aufgabe angepassten und wirtschaftlichen L\u00f6sungen. Dabei greifen wir auf Erfahrungen aus erfolgreich absolvierten Projekten aus den Bereichen Sicherheit und Verteidigung zur\u00fcck. Unser fester Personalstamm umfasst alle technischen Fachrichtungen. F\u00fcr unsere [&hellip;]<\/p>","protected":false},"author":1,"featured_media":806,"parent":0,"menu_order":0,"comment_status":"closed","ping_status":"closed","template":"","meta":{"footnotes":""},"class_list":["post-34","page","type-page","status-publish","has-post-thumbnail","hentry"],"yoast_head":"<!-- This site is optimized with the Yoast SEO plugin v27.5 - https:\/\/yoast.com\/product\/yoast-seo-wordpress\/ -->\n<title>Willkommen bei der tms!<\/title>\n<meta name=\"description\" content=\"Langj\u00e4hrige Erfahrung wehrtechnischer Anwendungen. Unterst\u00fctzung im Thema Hard- und Softwareentwicklung, sowie rund ums Thema Safety und CBRN.\" \/>\n<meta name=\"robots\" content=\"index, follow, max-snippet:-1, max-image-preview:large, max-video-preview:-1\" \/>\n<link rel=\"canonical\" href=\"https:\/\/www.tms-bonn.de\/en\/\" \/>\n<meta property=\"og:locale\" content=\"en_GB\" \/>\n<meta property=\"og:type\" content=\"article\" \/>\n<meta property=\"og:title\" content=\"Willkommen bei der tms!\" \/>\n<meta property=\"og:description\" content=\"Langj\u00e4hrige Erfahrung wehrtechnischer Anwendungen. Unterst\u00fctzung im Thema Hard- und Softwareentwicklung, sowie rund ums Thema Safety und CBRN.\" \/>\n<meta property=\"og:url\" content=\"https:\/\/www.tms-bonn.de\/en\/\" \/>\n<meta property=\"og:site_name\" content=\"tms\" \/>\n<meta property=\"article:modified_time\" content=\"2023-08-17T08:28:09+00:00\" \/>\n<meta property=\"og:image\" content=\"https:\/\/www.tms-bonn.de\/wp-content\/uploads\/2022\/08\/tms_logo_512.png\" \/>\n\t<meta property=\"og:image:width\" content=\"512\" \/>\n\t<meta property=\"og:image:height\" content=\"512\" \/>\n\t<meta property=\"og:image:type\" content=\"image\/png\" \/>\n<meta name=\"twitter:card\" content=\"summary_large_image\" \/>\n<meta name=\"twitter:label1\" content=\"Estimated reading time\" \/>\n\t<meta name=\"twitter:data1\" content=\"2 minutes\" \/>\n<!-- \/ Yoast SEO plugin. -->","yoast_head_json":{"title":"Willkommen bei der tms!","description":"Langj\u00e4hrige Erfahrung wehrtechnischer Anwendungen. Unterst\u00fctzung im Thema Hard- und Softwareentwicklung, sowie rund ums Thema Safety und CBRN.","robots":{"index":"index","follow":"follow","max-snippet":"max-snippet:-1","max-image-preview":"max-image-preview:large","max-video-preview":"max-video-preview:-1"},"canonical":"https:\/\/www.tms-bonn.de\/en\/","og_locale":"en_GB","og_type":"article","og_title":"Willkommen bei der tms!","og_description":"Langj\u00e4hrige Erfahrung wehrtechnischer Anwendungen. Unterst\u00fctzung im Thema Hard- und Softwareentwicklung, sowie rund ums Thema Safety und CBRN.","og_url":"https:\/\/www.tms-bonn.de\/en\/","og_site_name":"tms","article_modified_time":"2023-08-17T08:28:09+00:00","og_image":[{"width":512,"height":512,"url":"https:\/\/www.tms-bonn.de\/wp-content\/uploads\/2022\/08\/tms_logo_512.png","type":"image\/png"}],"twitter_card":"summary_large_image","twitter_misc":{"Estimated reading time":"2 minutes"},"schema":{"@context":"https:\/\/schema.org","@graph":[{"@type":"WebPage","@id":"https:\/\/www.tms-bonn.de\/","url":"https:\/\/www.tms-bonn.de\/","name":"Willkommen bei der tms!","isPartOf":{"@id":"https:\/\/www.tms-bonn.de\/#website"},"primaryImageOfPage":{"@id":"https:\/\/www.tms-bonn.de\/#primaryimage"},"image":{"@id":"https:\/\/www.tms-bonn.de\/#primaryimage"},"thumbnailUrl":"https:\/\/www.tms-bonn.de\/wp-content\/uploads\/2022\/08\/tms_logo_512.png","datePublished":"2022-08-09T13:21:18+00:00","dateModified":"2023-08-17T08:28:09+00:00","description":"Langj\u00e4hrige Erfahrung wehrtechnischer Anwendungen. Unterst\u00fctzung im Thema Hard- und Softwareentwicklung, sowie rund ums Thema Safety und CBRN.","breadcrumb":{"@id":"https:\/\/www.tms-bonn.de\/#breadcrumb"},"inLanguage":"en-GB","potentialAction":[{"@type":"ReadAction","target":["https:\/\/www.tms-bonn.de\/"]}]},{"@type":"ImageObject","inLanguage":"en-GB","@id":"https:\/\/www.tms-bonn.de\/#primaryimage","url":"https:\/\/www.tms-bonn.de\/wp-content\/uploads\/2022\/08\/tms_logo_512.png","contentUrl":"https:\/\/www.tms-bonn.de\/wp-content\/uploads\/2022\/08\/tms_logo_512.png","width":512,"height":512,"caption":"tms Logo"},{"@type":"BreadcrumbList","@id":"https:\/\/www.tms-bonn.de\/#breadcrumb","itemListElement":[{"@type":"ListItem","position":1,"name":"Startseite","item":"https:\/\/www.tms-bonn.de\/"},{"@type":"ListItem","position":2,"name":"Willkommen bei der tms!"}]},{"@type":"WebSite","@id":"https:\/\/www.tms-bonn.de\/#website","url":"https:\/\/www.tms-bonn.de\/","name":"tms","description":"technisch-mathematische-studiengesellschaft","publisher":{"@id":"https:\/\/www.tms-bonn.de\/#organization"},"potentialAction":[{"@type":"SearchAction","target":{"@type":"EntryPoint","urlTemplate":"https:\/\/www.tms-bonn.de\/?s={search_term_string}"},"query-input":{"@type":"PropertyValueSpecification","valueRequired":true,"valueName":"search_term_string"}}],"inLanguage":"en-GB"},{"@type":"Organization","@id":"https:\/\/www.tms-bonn.de\/#organization","name":"tms - technisch mathematische studiengesellschaft mbh","url":"https:\/\/www.tms-bonn.de\/","logo":{"@type":"ImageObject","inLanguage":"en-GB","@id":"https:\/\/www.tms-bonn.de\/#\/schema\/logo\/image\/","url":"https:\/\/www.tms-bonn.de\/wp-content\/uploads\/2023\/03\/cropped-tms_logo.png","contentUrl":"https:\/\/www.tms-bonn.de\/wp-content\/uploads\/2023\/03\/cropped-tms_logo.png","width":322,"height":114,"caption":"tms - technisch mathematische studiengesellschaft mbh"},"image":{"@id":"https:\/\/www.tms-bonn.de\/#\/schema\/logo\/image\/"}}]}},"_links":{"self":[{"href":"https:\/\/www.tms-bonn.de\/en\/wp-json\/wp\/v2\/pages\/34","targetHints":{"allow":["GET"]}}],"collection":[{"href":"https:\/\/www.tms-bonn.de\/en\/wp-json\/wp\/v2\/pages"}],"about":[{"href":"https:\/\/www.tms-bonn.de\/en\/wp-json\/wp\/v2\/types\/page"}],"author":[{"embeddable":true,"href":"https:\/\/www.tms-bonn.de\/en\/wp-json\/wp\/v2\/users\/1"}],"replies":[{"embeddable":true,"href":"https:\/\/www.tms-bonn.de\/en\/wp-json\/wp\/v2\/comments?post=34"}],"version-history":[{"count":258,"href":"https:\/\/www.tms-bonn.de\/en\/wp-json\/wp\/v2\/pages\/34\/revisions"}],"predecessor-version":[{"id":1273,"href":"https:\/\/www.tms-bonn.de\/en\/wp-json\/wp\/v2\/pages\/34\/revisions\/1273"}],"wp:featuredmedia":[{"embeddable":true,"href":"https:\/\/www.tms-bonn.de\/en\/wp-json\/wp\/v2\/media\/806"}],"wp:attachment":[{"href":"https:\/\/www.tms-bonn.de\/en\/wp-json\/wp\/v2\/media?parent=34"}],"curies":[{"name":"wp","href":"https:\/\/api.w.org\/{rel}","templated":true}]}}