{"id":68,"date":"2022-08-09T15:53:01","date_gmt":"2022-08-09T13:53:01","guid":{"rendered":"https:\/\/web.tms-bonn.de\/wordpress\/?page_id=68"},"modified":"2023-08-09T11:27:02","modified_gmt":"2023-08-09T09:27:02","slug":"entwicklung","status":"publish","type":"page","link":"https:\/\/www.tms-bonn.de\/en\/entwicklung\/","title":{"rendered":"Development"},"content":{"rendered":"<div data-elementor-type=\"wp-page\" data-elementor-id=\"68\" class=\"elementor elementor-68\">\n\t\t\t\t\t\t<section class=\"elementor-section elementor-top-section elementor-element elementor-element-25360e0 elementor-section-height-min-height elementor-section-items-stretch elementor-section-stretched elementor-hidden-tablet elementor-hidden-mobile elementor-section-boxed elementor-section-height-default\" data-id=\"25360e0\" data-element_type=\"section\" data-e-type=\"section\" data-settings=\"{&quot;background_background&quot;:&quot;classic&quot;,&quot;stretch_section&quot;:&quot;section-stretched&quot;}\">\n\t\t\t\t\t\t<div class=\"elementor-container elementor-column-gap-default\">\n\t\t\t\t\t<div class=\"elementor-column elementor-col-100 elementor-top-column elementor-element elementor-element-109abb4\" data-id=\"109abb4\" data-element_type=\"column\" data-e-type=\"column\">\n\t\t\t<div class=\"elementor-widget-wrap\">\n\t\t\t\t\t\t\t<\/div>\n\t\t<\/div>\n\t\t\t\t\t<\/div>\n\t\t<\/section>\n\t\t\t\t<section class=\"elementor-section elementor-top-section elementor-element elementor-element-0d70f8f elementor-hidden-tablet elementor-hidden-mobile elementor-section-boxed elementor-section-height-default elementor-section-height-default\" data-id=\"0d70f8f\" data-element_type=\"section\" data-e-type=\"section\">\n\t\t\t\t\t\t<div class=\"elementor-container elementor-column-gap-default\">\n\t\t\t\t\t<div class=\"elementor-column elementor-col-100 elementor-top-column elementor-element elementor-element-24d6951\" data-id=\"24d6951\" data-element_type=\"column\" data-e-type=\"column\">\n\t\t\t<div class=\"elementor-widget-wrap elementor-element-populated\">\n\t\t\t\t\t\t<div class=\"elementor-element elementor-element-d1c3a3f elementor-widget elementor-widget-spacer\" data-id=\"d1c3a3f\" data-element_type=\"widget\" data-e-type=\"widget\" data-widget_type=\"spacer.default\">\n\t\t\t\t<div class=\"elementor-widget-container\">\n\t\t\t\t\t\t\t<div class=\"elementor-spacer\">\n\t\t\t<div class=\"elementor-spacer-inner\"><\/div>\n\t\t<\/div>\n\t\t\t\t\t\t<\/div>\n\t\t\t\t<\/div>\n\t\t\t\t\t<\/div>\n\t\t<\/div>\n\t\t\t\t\t<\/div>\n\t\t<\/section>\n\t\t\t\t<section class=\"elementor-section elementor-top-section elementor-element elementor-element-d9d8652 elementor-section-boxed elementor-section-height-default elementor-section-height-default\" data-id=\"d9d8652\" data-element_type=\"section\" data-e-type=\"section\">\n\t\t\t\t\t\t\t<div class=\"elementor-background-overlay\"><\/div>\n\t\t\t\t\t\t\t<div class=\"elementor-container elementor-column-gap-default\">\n\t\t\t\t\t<div class=\"elementor-column elementor-col-100 elementor-top-column elementor-element elementor-element-2690908\" data-id=\"2690908\" data-element_type=\"column\" data-e-type=\"column\">\n\t\t\t<div class=\"elementor-widget-wrap elementor-element-populated\">\n\t\t\t\t\t\t<section class=\"elementor-section elementor-inner-section elementor-element elementor-element-af902af elementor-section-boxed elementor-section-height-default elementor-section-height-default\" data-id=\"af902af\" data-element_type=\"section\" data-e-type=\"section\" data-settings=\"{&quot;background_background&quot;:&quot;classic&quot;}\">\n\t\t\t\t\t\t\t<div class=\"elementor-background-overlay\"><\/div>\n\t\t\t\t\t\t\t<div class=\"elementor-container elementor-column-gap-default\">\n\t\t\t\t\t<div class=\"elementor-column elementor-col-100 elementor-inner-column elementor-element elementor-element-8e2d98d\" data-id=\"8e2d98d\" data-element_type=\"column\" data-e-type=\"column\">\n\t\t\t<div class=\"elementor-widget-wrap elementor-element-populated\">\n\t\t\t\t\t\t<div class=\"elementor-element elementor-element-4c585cf elementor-widget elementor-widget-text-editor\" data-id=\"4c585cf\" data-element_type=\"widget\" data-e-type=\"widget\" data-widget_type=\"text-editor.default\">\n\t\t\t\t<div class=\"elementor-widget-container\">\n\t\t\t\t\t\t\t\t\t<p>We develop technical solutions for special tasks on behalf of our customers. In many cases we use these developments or the developed modules or processes for technical investigations and for studies ourselves. Our electronics laboratory as well as our construction with attached workshop support the specific system developments.<\/p><p>Dealing with software, (programmable) electronics and hardware is part of our daily craft. Especially in the field of CBRN protection, we have been creating complex software solutions for years. To be emphasized here are:<\/p><ul><li>NEWS - The CBRN Warning and Reporting Software of the German Armed Forces<\/li><li>Individual solutions for civil defense and disaster control for CBRN detection<\/li><li>UBS Universal trajectory simulator - a modular 6-DoF missile simulation system.<\/li><\/ul><p>At tms, such projects are implemented by an experienced, often interdisciplinary team that understands both the technical issues and the necessary technical tools. This is the only way to create optimal solutions.<\/p>\t\t\t\t\t\t\t\t<\/div>\n\t\t\t\t<\/div>\n\t\t\t\t\t<\/div>\n\t\t<\/div>\n\t\t\t\t\t<\/div>\n\t\t<\/section>\n\t\t\t\t\t<\/div>\n\t\t<\/div>\n\t\t\t\t\t<\/div>\n\t\t<\/section>\n\t\t\t\t<section class=\"elementor-section elementor-top-section elementor-element elementor-element-2510b46 elementor-section-boxed elementor-section-height-default elementor-section-height-default\" data-id=\"2510b46\" data-element_type=\"section\" data-e-type=\"section\">\n\t\t\t\t\t\t<div class=\"elementor-container elementor-column-gap-default\">\n\t\t\t\t\t<div class=\"elementor-column elementor-col-100 elementor-top-column elementor-element elementor-element-975bdc1\" data-id=\"975bdc1\" data-element_type=\"column\" data-e-type=\"column\">\n\t\t\t<div class=\"elementor-widget-wrap elementor-element-populated\">\n\t\t\t\t\t\t<div class=\"elementor-element elementor-element-33cfd66 elementor-widget elementor-widget-spacer\" data-id=\"33cfd66\" data-element_type=\"widget\" data-e-type=\"widget\" data-widget_type=\"spacer.default\">\n\t\t\t\t<div class=\"elementor-widget-container\">\n\t\t\t\t\t\t\t<div class=\"elementor-spacer\">\n\t\t\t<div class=\"elementor-spacer-inner\"><\/div>\n\t\t<\/div>\n\t\t\t\t\t\t<\/div>\n\t\t\t\t<\/div>\n\t\t\t\t<div class=\"elementor-element elementor-element-9d49de7 elementor-widget elementor-widget-heading\" data-id=\"9d49de7\" data-element_type=\"widget\" data-e-type=\"widget\" data-widget_type=\"heading.default\">\n\t\t\t\t<div class=\"elementor-widget-container\">\n\t\t\t\t\t<h2 class=\"elementor-heading-title elementor-size-default\">Customized software solutions<\/h2>\t\t\t\t<\/div>\n\t\t\t\t<\/div>\n\t\t\t\t<section class=\"elementor-section elementor-inner-section elementor-element elementor-element-42fb51d elementor-section-boxed elementor-section-height-default elementor-section-height-default\" data-id=\"42fb51d\" data-element_type=\"section\" data-e-type=\"section\" data-settings=\"{&quot;background_background&quot;:&quot;classic&quot;}\">\n\t\t\t\t\t\t\t<div class=\"elementor-background-overlay\"><\/div>\n\t\t\t\t\t\t\t<div class=\"elementor-container elementor-column-gap-default\">\n\t\t\t\t\t<div class=\"elementor-column elementor-col-50 elementor-inner-column elementor-element elementor-element-2d302cc\" data-id=\"2d302cc\" data-element_type=\"column\" data-e-type=\"column\">\n\t\t\t<div class=\"elementor-widget-wrap elementor-element-populated\">\n\t\t\t\t\t\t<div class=\"elementor-element elementor-element-d3709fe elementor-widget elementor-widget-text-editor\" data-id=\"d3709fe\" data-element_type=\"widget\" data-e-type=\"widget\" data-widget_type=\"text-editor.default\">\n\t\t\t\t<div class=\"elementor-widget-container\">\n\t\t\t\t\t\t\t\t\t<p>Our developments are significantly determined by the technically demanding and diverse problems. Our developers work to solve an overall problem and come into contact with all aspects and roles of a development. We tend to work in an agile manner but often in a traditional, contractual (fixed price) construct. We choose technologies that are best suited for the task at hand.<\/p><p>The software technologies we use include traditional Java and C++ stacks as well as Node.js and Angular with Continuous Integration and associated frameworks. On this basis, we build both complex, classic desktop applications (e.g. for measurement data processing) and highly available, distributed systems.<\/p>\t\t\t\t\t\t\t\t<\/div>\n\t\t\t\t<\/div>\n\t\t\t\t\t<\/div>\n\t\t<\/div>\n\t\t\t\t<div class=\"elementor-column elementor-col-50 elementor-inner-column elementor-element elementor-element-bc47733\" data-id=\"bc47733\" data-element_type=\"column\" data-e-type=\"column\">\n\t\t\t<div class=\"elementor-widget-wrap elementor-element-populated\">\n\t\t\t\t\t\t<div class=\"elementor-element elementor-element-241863f elementor-widget elementor-widget-text-editor\" data-id=\"241863f\" data-element_type=\"widget\" data-e-type=\"widget\" data-widget_type=\"text-editor.default\">\n\t\t\t\t<div class=\"elementor-widget-container\">\n\t\t\t\t\t\t\t\t\t<p>In addition to the pure technology, a collegial, open interaction with each other, the right balance between efficiency and quality and enthusiasm for the task are particularly important to us. We are constantly looking for reinforcements for our team and look forward to receiving qualified applications.<\/p>\t\t\t\t\t\t\t\t<\/div>\n\t\t\t\t<\/div>\n\t\t\t\t<div class=\"elementor-element elementor-element-47fb79d elementor-widget elementor-widget-image\" data-id=\"47fb79d\" data-element_type=\"widget\" data-e-type=\"widget\" data-widget_type=\"image.default\">\n\t\t\t\t<div class=\"elementor-widget-container\">\n\t\t\t\t\t\t\t\t\t\t\t\t\t\t\t<img fetchpriority=\"high\" decoding=\"async\" width=\"768\" height=\"512\" src=\"https:\/\/www.tms-bonn.de\/wp-content\/uploads\/2022\/08\/softwareentwicklung-768x512.jpg\" class=\"attachment-medium_large size-medium_large wp-image-73\" alt=\"Softwareentwicklung\" srcset=\"https:\/\/www.tms-bonn.de\/wp-content\/uploads\/2022\/08\/softwareentwicklung-768x512.jpg 768w, https:\/\/www.tms-bonn.de\/wp-content\/uploads\/2022\/08\/softwareentwicklung-300x200.jpg 300w, https:\/\/www.tms-bonn.de\/wp-content\/uploads\/2022\/08\/softwareentwicklung-1024x683.jpg 1024w, https:\/\/www.tms-bonn.de\/wp-content\/uploads\/2022\/08\/softwareentwicklung-1536x1024.jpg 1536w, https:\/\/www.tms-bonn.de\/wp-content\/uploads\/2022\/08\/softwareentwicklung.jpg 1920w\" sizes=\"(max-width: 768px) 100vw, 768px\" \/>\t\t\t\t\t\t\t\t\t\t\t\t\t\t\t<\/div>\n\t\t\t\t<\/div>\n\t\t\t\t\t<\/div>\n\t\t<\/div>\n\t\t\t\t\t<\/div>\n\t\t<\/section>\n\t\t\t\t\t<\/div>\n\t\t<\/div>\n\t\t\t\t\t<\/div>\n\t\t<\/section>\n\t\t\t\t<section class=\"elementor-section elementor-top-section elementor-element elementor-element-a0cb2ff elementor-section-boxed elementor-section-height-default elementor-section-height-default\" data-id=\"a0cb2ff\" data-element_type=\"section\" data-e-type=\"section\">\n\t\t\t\t\t\t<div class=\"elementor-container elementor-column-gap-default\">\n\t\t\t\t\t<div class=\"elementor-column elementor-col-100 elementor-top-column elementor-element elementor-element-0c62f0f\" data-id=\"0c62f0f\" data-element_type=\"column\" data-e-type=\"column\">\n\t\t\t<div class=\"elementor-widget-wrap elementor-element-populated\">\n\t\t\t\t\t\t<div class=\"elementor-element elementor-element-f04e306 elementor-widget elementor-widget-spacer\" data-id=\"f04e306\" data-element_type=\"widget\" data-e-type=\"widget\" data-widget_type=\"spacer.default\">\n\t\t\t\t<div class=\"elementor-widget-container\">\n\t\t\t\t\t\t\t<div class=\"elementor-spacer\">\n\t\t\t<div class=\"elementor-spacer-inner\"><\/div>\n\t\t<\/div>\n\t\t\t\t\t\t<\/div>\n\t\t\t\t<\/div>\n\t\t\t\t<div class=\"elementor-element elementor-element-5632843 elementor-widget elementor-widget-heading\" data-id=\"5632843\" data-element_type=\"widget\" data-e-type=\"widget\" data-widget_type=\"heading.default\">\n\t\t\t\t<div class=\"elementor-widget-container\">\n\t\t\t\t\t<h2 class=\"elementor-heading-title elementor-size-default\">Electronics development<\/h2>\t\t\t\t<\/div>\n\t\t\t\t<\/div>\n\t\t\t\t<section class=\"elementor-section elementor-inner-section elementor-element elementor-element-5232610 elementor-section-boxed elementor-section-height-default elementor-section-height-default\" data-id=\"5232610\" data-element_type=\"section\" data-e-type=\"section\">\n\t\t\t\t\t\t\t<div class=\"elementor-background-overlay\"><\/div>\n\t\t\t\t\t\t\t<div class=\"elementor-container elementor-column-gap-default\">\n\t\t\t\t\t<div class=\"elementor-column elementor-col-50 elementor-inner-column elementor-element elementor-element-ffa8700\" data-id=\"ffa8700\" data-element_type=\"column\" data-e-type=\"column\">\n\t\t\t<div class=\"elementor-widget-wrap elementor-element-populated\">\n\t\t\t\t\t\t<div class=\"elementor-element elementor-element-27ce321 elementor-widget elementor-widget-text-editor\" data-id=\"27ce321\" data-element_type=\"widget\" data-e-type=\"widget\" data-widget_type=\"text-editor.default\">\n\t\t\t\t<div class=\"elementor-widget-container\">\n\t\t\t\t\t\t\t\t\t<p>We know our way around electronics: Starting with the smallest 8-bit microcontrollers, through common 32-bit types (Arm Cortex derivatives) to FPGAs, we use programmable electronics in robust measurement technology. Often the task is to measure the movement of a body initially, to record pressure and temperature precisely and to save the measurement data permanently in an internal memory first.<\/p>\t\t\t\t\t\t\t\t<\/div>\n\t\t\t\t<\/div>\n\t\t\t\t<div class=\"elementor-element elementor-element-e57746a elementor-widget elementor-widget-image\" data-id=\"e57746a\" data-element_type=\"widget\" data-e-type=\"widget\" data-widget_type=\"image.default\">\n\t\t\t\t<div class=\"elementor-widget-container\">\n\t\t\t\t\t\t\t\t\t\t\t\t\t\t\t<img decoding=\"async\" width=\"768\" height=\"305\" src=\"https:\/\/www.tms-bonn.de\/wp-content\/uploads\/2022\/08\/loeten-768x305.jpg\" class=\"attachment-medium_large size-medium_large wp-image-74\" alt=\"Platine L\u00f6ten\" srcset=\"https:\/\/www.tms-bonn.de\/wp-content\/uploads\/2022\/08\/loeten-768x305.jpg 768w, https:\/\/www.tms-bonn.de\/wp-content\/uploads\/2022\/08\/loeten-300x119.jpg 300w, https:\/\/www.tms-bonn.de\/wp-content\/uploads\/2022\/08\/loeten-1024x406.jpg 1024w, https:\/\/www.tms-bonn.de\/wp-content\/uploads\/2022\/08\/loeten.jpg 1200w\" sizes=\"(max-width: 768px) 100vw, 768px\" \/>\t\t\t\t\t\t\t\t\t\t\t\t\t\t\t<\/div>\n\t\t\t\t<\/div>\n\t\t\t\t\t<\/div>\n\t\t<\/div>\n\t\t\t\t<div class=\"elementor-column elementor-col-50 elementor-inner-column elementor-element elementor-element-c94a22d\" data-id=\"c94a22d\" data-element_type=\"column\" data-e-type=\"column\">\n\t\t\t<div class=\"elementor-widget-wrap elementor-element-populated\">\n\t\t\t\t\t\t<div class=\"elementor-element elementor-element-0f61533 elementor-widget elementor-widget-text-editor\" data-id=\"0f61533\" data-element_type=\"widget\" data-e-type=\"widget\" data-widget_type=\"text-editor.default\">\n\t\t\t\t<div class=\"elementor-widget-container\">\n\t\t\t\t\t\t\t\t\t<p>We develop the necessary measurement electronics in-house. Our engineers, technicians and designers cover all relevant development steps in close coordination with each other and with our customers: Schematic design, circuit simulation (based on SPICE), layout design, PCB design, assembly, e-test. The \"naked\" electronics usually still need housings, which we design and manufacture ourselves - depending on the type of application and load profile. In addition to the operation of the devices, there is often also the use during tests, the evaluation and the analysis of measurement data.<\/p><p>Examples of successfully applied electronics developments are a target display \"vespe 120 mm\" (product flyer in the download area), a multi-channel high-speed measurement system for the ROTEX experiment of the DLR Aerospace Center (publication in the download area), a highly acceleration-resistant electronics for testing the function of the FBM21-GER fuze for drop munitions, inertial measurement technology in the EU project\u00a0<a href=\"https:\/\/eu-radion.eu\/\" target=\"_blank\" rel=\"noopener\">EU-RADION<\/a> (H2020, Grant No. 883204).<\/p>\t\t\t\t\t\t\t\t<\/div>\n\t\t\t\t<\/div>\n\t\t\t\t\t<\/div>\n\t\t<\/div>\n\t\t\t\t\t<\/div>\n\t\t<\/section>\n\t\t\t\t\t<\/div>\n\t\t<\/div>\n\t\t\t\t\t<\/div>\n\t\t<\/section>\n\t\t\t\t<\/div>","protected":false},"excerpt":{"rendered":"<p>Wir entwickeln technische L\u00f6sungen f\u00fcr besondere Aufgabenstellungen im Kundenauftrag. Vielfach nutzen wir diese Entwicklungen oder die entwickelten Module bzw. Verfahren f\u00fcr technische Untersuchungen und f\u00fcr Studien selbst. Unser Elektroniklabor sowie unsere Konstruktion mit angeschlossener Werkstatt unterst\u00fctzt dabei die spezifischen Systementwicklungen. Die Besch\u00e4ftigung mit Software, (programmierbarer) Elektronik und Hardware geh\u00f6rt zu unserem t\u00e4glichen Handwerk. Insbesondere im [&hellip;]<\/p>","protected":false},"author":1,"featured_media":694,"parent":0,"menu_order":0,"comment_status":"closed","ping_status":"closed","template":"","meta":{"footnotes":""},"class_list":["post-68","page","type-page","status-publish","has-post-thumbnail","hentry"],"yoast_head":"<!-- This site is optimized with the Yoast SEO plugin v27.3 - https:\/\/yoast.com\/product\/yoast-seo-wordpress\/ -->\n<title>Entwicklung - tms<\/title>\n<meta name=\"description\" content=\"Mit \u00fcber 50 Jahren Erfahrung im Bereich der Wehrtechnik beraten und unterst\u00fctzen wir sie rund um das Thema der Hard- und Softwareentwicklung.\" \/>\n<meta name=\"robots\" content=\"index, follow, max-snippet:-1, max-image-preview:large, max-video-preview:-1\" \/>\n<link rel=\"canonical\" href=\"https:\/\/www.tms-bonn.de\/en\/entwicklung\/\" \/>\n<meta property=\"og:locale\" content=\"en_GB\" \/>\n<meta property=\"og:type\" content=\"article\" \/>\n<meta property=\"og:title\" content=\"Entwicklung - tms\" \/>\n<meta property=\"og:description\" content=\"Mit \u00fcber 50 Jahren Erfahrung im Bereich der Wehrtechnik beraten und unterst\u00fctzen wir sie rund um das Thema der Hard- und Softwareentwicklung.\" \/>\n<meta property=\"og:url\" content=\"https:\/\/www.tms-bonn.de\/en\/entwicklung\/\" \/>\n<meta property=\"og:site_name\" content=\"tms\" \/>\n<meta property=\"article:modified_time\" content=\"2023-08-09T09:27:02+00:00\" \/>\n<meta property=\"og:image\" content=\"https:\/\/www.tms-bonn.de\/wp-content\/uploads\/2022\/08\/entwicklung_v5-e1661153660541.png\" \/>\n\t<meta property=\"og:image:width\" content=\"250\" \/>\n\t<meta property=\"og:image:height\" content=\"250\" \/>\n\t<meta property=\"og:image:type\" content=\"image\/png\" \/>\n<meta name=\"twitter:card\" content=\"summary_large_image\" \/>\n<meta name=\"twitter:label1\" content=\"Estimated reading time\" \/>\n\t<meta name=\"twitter:data1\" content=\"3 minutes\" \/>\n<!-- \/ Yoast SEO plugin. -->","yoast_head_json":{"title":"Entwicklung - tms","description":"Mit \u00fcber 50 Jahren Erfahrung im Bereich der Wehrtechnik beraten und unterst\u00fctzen wir sie rund um das Thema der Hard- und Softwareentwicklung.","robots":{"index":"index","follow":"follow","max-snippet":"max-snippet:-1","max-image-preview":"max-image-preview:large","max-video-preview":"max-video-preview:-1"},"canonical":"https:\/\/www.tms-bonn.de\/en\/entwicklung\/","og_locale":"en_GB","og_type":"article","og_title":"Entwicklung - tms","og_description":"Mit \u00fcber 50 Jahren Erfahrung im Bereich der Wehrtechnik beraten und unterst\u00fctzen wir sie rund um das Thema der Hard- und Softwareentwicklung.","og_url":"https:\/\/www.tms-bonn.de\/en\/entwicklung\/","og_site_name":"tms","article_modified_time":"2023-08-09T09:27:02+00:00","og_image":[{"width":250,"height":250,"url":"https:\/\/www.tms-bonn.de\/wp-content\/uploads\/2022\/08\/entwicklung_v5-e1661153660541.png","type":"image\/png"}],"twitter_card":"summary_large_image","twitter_misc":{"Estimated reading time":"3 minutes"},"schema":{"@context":"https:\/\/schema.org","@graph":[{"@type":"WebPage","@id":"https:\/\/www.tms-bonn.de\/entwicklung\/","url":"https:\/\/www.tms-bonn.de\/entwicklung\/","name":"Entwicklung - tms","isPartOf":{"@id":"https:\/\/www.tms-bonn.de\/#website"},"primaryImageOfPage":{"@id":"https:\/\/www.tms-bonn.de\/entwicklung\/#primaryimage"},"image":{"@id":"https:\/\/www.tms-bonn.de\/entwicklung\/#primaryimage"},"thumbnailUrl":"https:\/\/www.tms-bonn.de\/wp-content\/uploads\/2022\/08\/entwicklung_v5-e1661153660541.png","datePublished":"2022-08-09T13:53:01+00:00","dateModified":"2023-08-09T09:27:02+00:00","description":"Mit \u00fcber 50 Jahren Erfahrung im Bereich der Wehrtechnik beraten und unterst\u00fctzen wir sie rund um das Thema der Hard- und Softwareentwicklung.","breadcrumb":{"@id":"https:\/\/www.tms-bonn.de\/entwicklung\/#breadcrumb"},"inLanguage":"en-GB","potentialAction":[{"@type":"ReadAction","target":["https:\/\/www.tms-bonn.de\/entwicklung\/"]}]},{"@type":"ImageObject","inLanguage":"en-GB","@id":"https:\/\/www.tms-bonn.de\/entwicklung\/#primaryimage","url":"https:\/\/www.tms-bonn.de\/wp-content\/uploads\/2022\/08\/entwicklung_v5-e1661153660541.png","contentUrl":"https:\/\/www.tms-bonn.de\/wp-content\/uploads\/2022\/08\/entwicklung_v5-e1661153660541.png","width":250,"height":250,"caption":"Piktogramm Entwicklung"},{"@type":"BreadcrumbList","@id":"https:\/\/www.tms-bonn.de\/entwicklung\/#breadcrumb","itemListElement":[{"@type":"ListItem","position":1,"name":"Startseite","item":"https:\/\/www.tms-bonn.de\/"},{"@type":"ListItem","position":2,"name":"Entwicklung"}]},{"@type":"WebSite","@id":"https:\/\/www.tms-bonn.de\/#website","url":"https:\/\/www.tms-bonn.de\/","name":"tms","description":"technisch-mathematische-studiengesellschaft","publisher":{"@id":"https:\/\/www.tms-bonn.de\/#organization"},"potentialAction":[{"@type":"SearchAction","target":{"@type":"EntryPoint","urlTemplate":"https:\/\/www.tms-bonn.de\/?s={search_term_string}"},"query-input":{"@type":"PropertyValueSpecification","valueRequired":true,"valueName":"search_term_string"}}],"inLanguage":"en-GB"},{"@type":"Organization","@id":"https:\/\/www.tms-bonn.de\/#organization","name":"tms - technisch mathematische studiengesellschaft mbh","url":"https:\/\/www.tms-bonn.de\/","logo":{"@type":"ImageObject","inLanguage":"en-GB","@id":"https:\/\/www.tms-bonn.de\/#\/schema\/logo\/image\/","url":"https:\/\/www.tms-bonn.de\/wp-content\/uploads\/2023\/03\/cropped-tms_logo.png","contentUrl":"https:\/\/www.tms-bonn.de\/wp-content\/uploads\/2023\/03\/cropped-tms_logo.png","width":322,"height":114,"caption":"tms - technisch mathematische studiengesellschaft mbh"},"image":{"@id":"https:\/\/www.tms-bonn.de\/#\/schema\/logo\/image\/"}}]}},"_links":{"self":[{"href":"https:\/\/www.tms-bonn.de\/en\/wp-json\/wp\/v2\/pages\/68","targetHints":{"allow":["GET"]}}],"collection":[{"href":"https:\/\/www.tms-bonn.de\/en\/wp-json\/wp\/v2\/pages"}],"about":[{"href":"https:\/\/www.tms-bonn.de\/en\/wp-json\/wp\/v2\/types\/page"}],"author":[{"embeddable":true,"href":"https:\/\/www.tms-bonn.de\/en\/wp-json\/wp\/v2\/users\/1"}],"replies":[{"embeddable":true,"href":"https:\/\/www.tms-bonn.de\/en\/wp-json\/wp\/v2\/comments?post=68"}],"version-history":[{"count":63,"href":"https:\/\/www.tms-bonn.de\/en\/wp-json\/wp\/v2\/pages\/68\/revisions"}],"predecessor-version":[{"id":1161,"href":"https:\/\/www.tms-bonn.de\/en\/wp-json\/wp\/v2\/pages\/68\/revisions\/1161"}],"wp:featuredmedia":[{"embeddable":true,"href":"https:\/\/www.tms-bonn.de\/en\/wp-json\/wp\/v2\/media\/694"}],"wp:attachment":[{"href":"https:\/\/www.tms-bonn.de\/en\/wp-json\/wp\/v2\/media?parent=68"}],"curies":[{"name":"wp","href":"https:\/\/api.w.org\/{rel}","templated":true}]}}